{"id":13386,"date":"2024-03-05T18:04:02","date_gmt":"2024-03-05T16:04:02","guid":{"rendered":"https:\/\/harasdelaubry.be\/de-laubry-trading-2\/"},"modified":"2025-08-08T17:47:56","modified_gmt":"2025-08-08T15:47:56","slug":"de-laubry-trading-2","status":"publish","type":"page","link":"https:\/\/harasdelaubry.be\/fr\/de-laubry-trading-2\/","title":{"rendered":"De Laubry Trading"},"content":{"rendered":"\t\t<div data-elementor-type=\"wp-page\" data-elementor-id=\"13386\" class=\"elementor elementor-13386 elementor-13383\">\n\t\t\t\t<div class=\"elementor-element elementor-element-71948fa e-flex e-con-boxed e-con e-parent\" data-id=\"71948fa\" data-element_type=\"container\" data-e-type=\"container\">\n\t\t\t\t\t<div class=\"e-con-inner\">\n\t\t\t\t<div class=\"elementor-element elementor-element-8a2dc39 elementor-widget elementor-widget-spacer\" data-id=\"8a2dc39\" data-element_type=\"widget\" data-e-type=\"widget\" data-widget_type=\"spacer.default\">\n\t\t\t\t<div class=\"elementor-widget-container\">\n\t\t\t\t\t\t\t<div class=\"elementor-spacer\">\n\t\t\t<div class=\"elementor-spacer-inner\"><\/div>\n\t\t<\/div>\n\t\t\t\t\t\t<\/div>\n\t\t\t\t<\/div>\n\t\t\t\t\t<\/div>\n\t\t\t\t<\/div>\n\t\t<div class=\"elementor-element elementor-element-57ddac3 e-flex e-con-boxed e-con e-parent\" data-id=\"57ddac3\" data-element_type=\"container\" data-e-type=\"container\" data-settings=\"{&quot;background_background&quot;:&quot;classic&quot;}\">\n\t\t\t\t\t<div class=\"e-con-inner\">\n\t\t\t\t<div class=\"elementor-element elementor-element-b879e6e elementor-widget elementor-widget-heading\" data-id=\"b879e6e\" data-element_type=\"widget\" data-e-type=\"widget\" data-widget_type=\"heading.default\">\n\t\t\t\t<div class=\"elementor-widget-container\">\n\t\t\t\t\t<h2 class=\"elementor-heading-title elementor-size-default\">Vous recherchez un cheval ou un nouveau cavalier pour votre cheval ?<\/h2>\t\t\t\t<\/div>\n\t\t\t\t<\/div>\n\t\t\t\t<div class=\"elementor-element elementor-element-5283670 elementor-widget elementor-widget-wpforms\" data-id=\"5283670\" data-element_type=\"widget\" data-e-type=\"widget\" data-widget_type=\"wpforms.default\">\n\t\t\t\t<div class=\"elementor-widget-container\">\n\t\t\t\t\t<style id=\"wpforms-css-vars-elementor-widget-5283670\">\n\t\t\t\t.elementor-widget-wpforms.elementor-element-5283670 {\n\t\t\t\t--wpforms-field-size-input-height: 43px;\n--wpforms-field-size-input-spacing: 15px;\n--wpforms-field-size-font-size: 16px;\n--wpforms-field-size-line-height: 19px;\n--wpforms-field-size-padding-h: 14px;\n--wpforms-field-size-checkbox-size: 16px;\n--wpforms-field-size-sublabel-spacing: 5px;\n--wpforms-field-size-icon-size: 1;\n--wpforms-label-size-font-size: 16px;\n--wpforms-label-size-line-height: 19px;\n--wpforms-label-size-sublabel-font-size: 14px;\n--wpforms-label-size-sublabel-line-height: 17px;\n--wpforms-button-size-font-size: 17px;\n--wpforms-button-size-height: 41px;\n--wpforms-button-size-padding-h: 15px;\n--wpforms-button-size-margin-top: 10px;\n\n\t\t\t}\n\t\t\t<\/style><div class=\"wpforms-container wpforms-container-full wpforms-render-modern\" id=\"wpforms-13777\"><form id=\"wpforms-form-13777\" class=\"wpforms-validate wpforms-form wpforms-ajax-form\" data-formid=\"13777\" method=\"post\" enctype=\"multipart\/form-data\" action=\"\/fr\/wp-json\/wp\/v2\/pages\/13386?wpforms_form_id=13777\" data-token=\"fcda02d2ebee49dc63798beed6bd724d\" data-token-time=\"1775621601\"><noscript class=\"wpforms-error-noscript\">Veuillez activer JavaScript dans votre navigateur pour remplir ce formulaire.<\/noscript><div class=\"wpforms-hidden\" id=\"wpforms-error-noscript\">Veuillez activer JavaScript dans votre navigateur pour remplir ce formulaire.<\/div><div class=\"wpforms-field-container\"><div id=\"wpforms-13777-field_7-container\" class=\"wpforms-field wpforms-field-layout\" data-field-id=\"7\"><div class=\"wpforms-field-layout-columns wpforms-field-layout-preset-50-50\"><div class=\"wpforms-layout-column wpforms-layout-column-50\" ><div id=\"wpforms-13777-field_4-container\" class=\"wpforms-field wpforms-field-text\" data-field-id=\"4\"><label class=\"wpforms-field-label\" for=\"wpforms-13777-field_4\">Leeftijd paard<\/label><input type=\"text\" id=\"wpforms-13777-field_4\" class=\"wpforms-field-medium\" name=\"wpforms[fields][4]\" aria-errormessage=\"wpforms-13777-field_4-error\" ><\/div><div id=\"wpforms-13777-field_5-container\" class=\"wpforms-field wpforms-field-select wpforms-field-select-style-modern\" data-field-id=\"5\"><label class=\"wpforms-field-label\" for=\"wpforms-13777-field_5\">Niveau<\/label><select id=\"wpforms-13777-field_5\" class=\"wpforms-field-small choicesjs-select\" data-size-class=\"wpforms-field-row wpforms-field-small\" data-search-enabled=\"\" name=\"wpforms[fields][5][]\" multiple=\"multiple\"><option value=\"\" class=\"placeholder\" disabled ><\/option><option value=\"Youngster 4 - 5 yo\" >Youngster 4 - 5 yo<\/option><option value=\"Youngster 6 - 7 yo\" >Youngster 6 - 7 yo<\/option><option value=\"Amateur &lt; 1.30m\" >Amateur &lt; 1.30m<\/option><option value=\"Amateur &lt; 1.40m\" >Amateur &lt; 1.40m<\/option><option value=\"1.40 - 1.50m\" >1.40 - 1.50m<\/option><option value=\"Professional &gt; 1.50m\" >Professional &gt; 1.50m<\/option><\/select><\/div><\/div><div class=\"wpforms-layout-column wpforms-layout-column-50\" ><div id=\"wpforms-13777-field_6-container\" class=\"wpforms-field wpforms-field-select wpforms-field-select-style-modern\" data-field-id=\"6\"><label class=\"wpforms-field-label\" for=\"wpforms-13777-field_6\">Geslacht <span class=\"wpforms-required-label\" aria-hidden=\"true\">*<\/span><\/label><select id=\"wpforms-13777-field_6\" class=\"wpforms-field-small wpforms-field-required choicesjs-select\" data-size-class=\"wpforms-field-row wpforms-field-small\" data-search-enabled=\"\" name=\"wpforms[fields][6][]\" required=\"required\" multiple=\"multiple\"><option value=\"\" class=\"placeholder\" disabled ><\/option><option value=\"Hengst\" >Hengst<\/option><option value=\"Ruin\" >Ruin<\/option><option value=\"Merrie\" >Merrie<\/option><\/select><\/div><div id=\"wpforms-13777-field_10-container\" class=\"wpforms-field wpforms-field-select wpforms-conditional-trigger wpforms-field-select-style-modern\" data-field-id=\"10\"><label class=\"wpforms-field-label\" for=\"wpforms-13777-field_10\">Ik wil<\/label><select id=\"wpforms-13777-field_10\" class=\"wpforms-field-medium choicesjs-select\" data-size-class=\"wpforms-field-row wpforms-field-medium\" data-search-enabled=\"\" name=\"wpforms[fields][10][]\" multiple=\"multiple\"><option value=\"\" class=\"placeholder\" disabled ><\/option><option value=\"Verkopen\" >Verkopen<\/option><option value=\"Kopen\" >Kopen<\/option><\/select><\/div><\/div><\/div><\/div><div id=\"wpforms-13777-field_11-container\" class=\"wpforms-field wpforms-field-layout\" data-field-id=\"11\"><div class=\"wpforms-field-layout-columns wpforms-field-layout-preset-50-50\"><div class=\"wpforms-layout-column wpforms-layout-column-50\" ><div id=\"wpforms-13777-field_12-container\" class=\"wpforms-field wpforms-field-number-slider wpforms-conditional-field wpforms-conditional-show\" data-field-id=\"12\" style=\"display:none;\"><label class=\"wpforms-field-label\" for=\"wpforms-13777-field_12\">Budget indicator<\/label>\n<input\n\ttype=\"range\"\n\tid=\"wpforms-13777-field_12\" class=\"wpforms-field-medium\" name=\"wpforms[fields][12]\" value=\"0\" aria-errormessage=\"wpforms-13777-field_12-error\"\t\tmin=\"0\"\n\tmax=\"1000000\"\n\tstep=\"10000\">\n\n<div class=\"wpforms-field-number-slider-hint\"\n\tdata-hint=\"Geselecteerde waarde: {value}\">\n\tGeselecteerde waarde: <b>0<\/b><\/div>\n<\/div><\/div><div class=\"wpforms-layout-column wpforms-layout-column-50\" ><div id=\"wpforms-13777-field_13-container\" class=\"wpforms-field wpforms-field-file-upload wpforms-conditional-field wpforms-conditional-show\" data-field-id=\"13\" style=\"display:none;\"><label class=\"wpforms-field-label\" for=\"wpforms-13777-field_13\">MEDISCHE DOCUMENTEN<\/label><div\n\t\tclass=\"wpforms-uploader\"\n\t\tdata-field-id=\"13\"\n\t\tdata-form-id=\"13777\"\n\t\tdata-input-name=\"wpforms_13777_13\"\n\t\tdata-extensions=\"jpg,jpeg,jpe,gif,png,bmp,tiff,tif,webp,avif,ico,heic,heif,heics,heifs,asf,asx,wmv,wmx,wm,avi,divx,mov,qt,mpeg,mpg,mpe,mp4,m4v,ogv,webm,mkv,3gp,3gpp,3g2,3gp2,txt,asc,c,cc,h,srt,csv,tsv,ics,rtx,css,vtt,mp3,m4a,m4b,aac,ra,ram,wav,x-wav,ogg,oga,flac,mid,midi,wma,wax,mka,rtf,pdf,class,tar,zip,gz,gzip,rar,7z,psd,xcf,doc,pot,pps,ppt,wri,xla,xls,xlt,xlw,mpp,docx,docm,dotx,dotm,xlsx,xlsm,xlsb,xltx,xltm,xlam,pptx,pptm,ppsx,ppsm,potx,potm,ppam,sldx,sldm,onetoc,onetoc2,onepkg,oxps,xps,odt,odp,ods,odg,odc,odb,odf,wp,wpd,key,numbers,pages,svg,svgz,ttf,otf,eot,woff,woff2,redux\"\n\t\tdata-max-size=\"41943040\"\n\t\tdata-max-file-number=\"1\"\n\t\tdata-post-max-size=\"41943040\"\n\t\tdata-max-parallel-uploads=\"4\"\n\t\tdata-parallel-uploads=\"true\"\n\t\tdata-file-chunk-size=\"2097152\">\n\t<div class=\"dz-message\">\n\t\t<svg viewBox=\"0 0 1024 1024\" focusable=\"false\" data-icon=\"inbox\" width=\"50px\" height=\"50px\" fill=\"currentColor\" aria-hidden=\"true\">\n\t\t\t<path d=\"M885.2 446.3l-.2-.8-112.2-285.1c-5-16.1-19.9-27.2-36.8-27.2H281.2c-17 0-32.1 11.3-36.9 27.6L139.4 443l-.3.7-.2.8c-1.3 4.9-1.7 9.9-1 14.8-.1 1.6-.2 3.2-.2 4.8V830a60.9 60.9 0 0 0 60.8 60.8h627.2c33.5 0 60.8-27.3 60.9-60.8V464.1c0-1.3 0-2.6-.1-3.7.4-4.9 0-9.6-1.3-14.1zm-295.8-43l-.3 15.7c-.8 44.9-31.8 75.1-77.1 75.1-22.1 0-41.1-7.1-54.8-20.6S436 441.2 435.6 419l-.3-15.7H229.5L309 210h399.2l81.7 193.3H589.4zm-375 76.8h157.3c24.3 57.1 76 90.8 140.4 90.8 33.7 0 65-9.4 90.3-27.2 22.2-15.6 39.5-37.4 50.7-63.6h156.5V814H214.4V480.1z\"><\/path>\n\t\t<\/svg>\n\t\t<span class=\"modern-title\">Cliquez ou d\u00e9placez un fichier dans cette zone pour le t\u00e9l\u00e9verser.<\/span>\n\n\t\t\t<\/div>\n<\/div>\n<input\n\t\ttype=\"text\"\n\t\tautocomplete=\"off\"\n\t\treadonly\n\t\tclass=\"dropzone-input\"\n\t\tstyle=\"position:absolute!important;clip:rect(0,0,0,0)!important;height:1px!important;width:1px!important;border:0!important;overflow:hidden!important;padding:0!important;margin:0!important;\"\n\t\tid=\"wpforms-13777-field_13\"\n\t\tname=\"wpforms_13777_13\" \t\tvalue=\"\">\n<\/div><\/div><\/div><\/div><div id=\"wpforms-13777-field_8-container\" class=\"wpforms-field wpforms-field-divider\" data-field-id=\"8\"><h3 id=\"wpforms-13777-field_8\" aria-errormessage=\"wpforms-13777-field_8-error\">CONTACT INFO<\/h3><\/div><div id=\"wpforms-13777-field_0-container\" class=\"wpforms-field wpforms-field-name\" data-field-id=\"0\"><fieldset><legend class=\"wpforms-field-label\">Naam <span class=\"wpforms-required-label\" aria-hidden=\"true\">*<\/span><\/legend><div class=\"wpforms-field-row wpforms-field-large\"><div class=\"wpforms-field-row-block wpforms-first wpforms-one-half\"><input type=\"text\" id=\"wpforms-13777-field_0\" class=\"wpforms-field-name-first wpforms-field-required\" name=\"wpforms[fields][0][first]\" aria-errormessage=\"wpforms-13777-field_0-error\" required><label for=\"wpforms-13777-field_0\" class=\"wpforms-field-sublabel after\">Voornaam<\/label><\/div><div class=\"wpforms-field-row-block wpforms-one-half\"><input type=\"text\" id=\"wpforms-13777-field_0-last\" class=\"wpforms-field-name-last wpforms-field-required\" name=\"wpforms[fields][0][last]\" aria-errormessage=\"wpforms-13777-field_0-last-error\" required><label for=\"wpforms-13777-field_0-last\" class=\"wpforms-field-sublabel after\">Achternaam<\/label><\/div><\/div><\/fieldset><\/div><div id=\"wpforms-13777-field_1-container\" class=\"wpforms-field wpforms-field-email\" data-field-id=\"1\"><label class=\"wpforms-field-label\" for=\"wpforms-13777-field_1\">E-mail <span class=\"wpforms-required-label\" aria-hidden=\"true\">*<\/span><\/label><input type=\"email\" id=\"wpforms-13777-field_1\" class=\"wpforms-field-large wpforms-field-required\" name=\"wpforms[fields][1]\" spellcheck=\"false\" aria-errormessage=\"wpforms-13777-field_1-error\" required><\/div><div id=\"wpforms-13777-field_3-container\" class=\"wpforms-field wpforms-field-text\" data-field-id=\"3\"><label class=\"wpforms-field-label\" for=\"wpforms-13777-field_3\">Telefoon <span class=\"wpforms-required-label\" aria-hidden=\"true\">*<\/span><\/label><input type=\"text\" id=\"wpforms-13777-field_3\" class=\"wpforms-field-large wpforms-field-required\" name=\"wpforms[fields][3]\" aria-errormessage=\"wpforms-13777-field_3-error\" required><\/div><\/div><!-- .wpforms-field-container --><div class=\"wpforms-submit-container\" ><input type=\"hidden\" name=\"wpforms[id]\" value=\"13777\"><input type=\"hidden\" name=\"page_title\" value=\"\"><input type=\"hidden\" name=\"page_url\" value=\"https:\/\/harasdelaubry.be\/fr\/wp-json\/wp\/v2\/pages\/13386\"><input type=\"hidden\" name=\"url_referer\" value=\"\"><button type=\"submit\" name=\"wpforms[submit]\" id=\"wpforms-submit-13777\" class=\"wpforms-submit\" data-alt-text=\"Verzenden...\" data-submit-text=\"Verzend\" aria-live=\"assertive\" value=\"wpforms-submit\">Verzend<\/button><img decoding=\"async\" src=\"https:\/\/harasdelaubry.be\/wp-content\/plugins\/wpforms\/assets\/images\/submit-spin.svg\" class=\"wpforms-submit-spinner\" style=\"display: none;\" width=\"26\" height=\"26\" alt=\"Chargement en cours\"><\/div><\/form><\/div>  <!-- .wpforms-container -->\t\t\t\t<\/div>\n\t\t\t\t<\/div>\n\t\t\t\t\t<\/div>\n\t\t\t\t<\/div>\n\t\t<div class=\"elementor-element elementor-element-a2e3fcc e-flex e-con-boxed e-con e-parent\" data-id=\"a2e3fcc\" data-element_type=\"container\" data-e-type=\"container\">\n\t\t\t\t\t<div class=\"e-con-inner\">\n\t\t<div class=\"elementor-element elementor-element-b1df4d4 e-con-full e-flex e-con e-child\" data-id=\"b1df4d4\" data-element_type=\"container\" data-e-type=\"container\">\n\t\t\t\t<div class=\"elementor-element elementor-element-def1783 elementor-widget elementor-widget-image\" data-id=\"def1783\" data-element_type=\"widget\" data-e-type=\"widget\" data-widget_type=\"image.default\">\n\t\t\t\t<div class=\"elementor-widget-container\">\n\t\t\t\t\t\t\t\t\t\t\t\t\t\t\t<img fetchpriority=\"high\" decoding=\"async\" width=\"780\" height=\"520\" src=\"https:\/\/harasdelaubry.be\/wp-content\/uploads\/2024\/03\/3.jpeg\" class=\"attachment-large size-large wp-image-13440\" alt=\"\" srcset=\"https:\/\/harasdelaubry.be\/wp-content\/uploads\/2024\/03\/3.jpeg 1500w, https:\/\/harasdelaubry.be\/wp-content\/uploads\/2024\/03\/3-300x200.jpeg 300w, https:\/\/harasdelaubry.be\/wp-content\/uploads\/2024\/03\/3-720x480.jpeg 720w\" sizes=\"(max-width: 780px) 100vw, 780px\" \/>\t\t\t\t\t\t\t\t\t\t\t\t\t\t\t<\/div>\n\t\t\t\t<\/div>\n\t\t\t\t<\/div>\n\t\t<div class=\"elementor-element elementor-element-86bdf12 e-con-full e-flex e-con e-child\" data-id=\"86bdf12\" data-element_type=\"container\" data-e-type=\"container\">\n\t\t\t\t<div class=\"elementor-element elementor-element-ca7bc3f elementor-widget elementor-widget-heading\" data-id=\"ca7bc3f\" data-element_type=\"widget\" data-e-type=\"widget\" data-widget_type=\"heading.default\">\n\t\t\t\t<div class=\"elementor-widget-container\">\n\t\t\t\t\t<h2 class=\"elementor-heading-title elementor-size-default\">Nous trouvons votre chevalparfait(e) !<\/h2>\t\t\t\t<\/div>\n\t\t\t\t<\/div>\n\t\t\t\t<div class=\"elementor-element elementor-element-5d3803d elementor-widget elementor-widget-text-editor\" data-id=\"5d3803d\" data-element_type=\"widget\" data-e-type=\"widget\" data-widget_type=\"text-editor.default\">\n\t\t\t\t<div class=\"elementor-widget-container\">\n\t\t\t\t\t\t\t\t\t<p><span style=\"display: inline-block; width: 0px; overflow: hidden; line-height: 0;\" data-mce-type=\"bookmark\" class=\"mce_SELRES_start\">\ufeff<\/span>Il n\u2019y a rien de plus agr\u00e9able qu\u2019un partenaire parfait. Le cheval id\u00e9al pour son cavalier id\u00e9al. Nous vous aidons avec passion dans votre recherche de votre partenaire id\u00e9al.<\/p>\n<p>Notre \u00e9quipe est pr\u00e9sente chaque semaine chez les \u00e9leveurs, \u00e0 de nombreuses comp\u00e9titions et \u00e0 d\u2019autres \u00e9v\u00e9nements \u00e9questres. Toujours \u00e0 la recherche de chevaux de qualit\u00e9 et fiables.<\/p>\n<p>Pour tous les niveaux, nous travaillons de mani\u00e8re r\u00e9fl\u00e9chie et en pr\u00eatant attention \u00e0 la relation personnelle !<\/p>\n\t\t\t\t\t\t\t\t<\/div>\n\t\t\t\t<\/div>\n\t\t\t\t<\/div>\n\t\t\t\t\t<\/div>\n\t\t\t\t<\/div>\n\t\t\t\t<\/div>\n\t\t","protected":false},"excerpt":{"rendered":"<p>Vous recherchez un cheval ou un nouveau cavalier pour votre cheval ? Schakel JavaScript in je browser in om dit formulier in te vullen.Schakel JavaScript in je browser in om dit formulier in te vullen.Leeftijd paardNiveauYoungster 4 &#8211; 5 yoYoungster 6 &#8211; 7 yoAmateur &lt; 1.30mAmateur &lt; 1.40m1.40 &#8211; 1.50mProfessional &gt; 1.50mGeslacht *HengstRuinMerrieIk wilVerkopenKopenBudget indicator [&hellip;]<\/p>\n","protected":false},"author":2,"featured_media":0,"parent":0,"menu_order":0,"comment_status":"closed","ping_status":"closed","template":"","meta":{"footnotes":""},"class_list":["post-13386","page","type-page","status-publish","hentry"],"yoast_head":"<!-- This site is optimized with the Yoast SEO plugin v27.1.1 - https:\/\/yoast.com\/product\/yoast-seo-wordpress\/ -->\n<title>De Laubry Trading - Haras De Laubry - Showjumping Stable, Breeding and Trading<\/title>\n<meta name=\"robots\" content=\"index, follow, max-snippet:-1, max-image-preview:large, max-video-preview:-1\" \/>\n<link rel=\"canonical\" href=\"https:\/\/harasdelaubry.be\/de-laubry-trading\/\" \/>\n<meta property=\"og:locale\" content=\"fr_FR\" \/>\n<meta property=\"og:type\" content=\"article\" \/>\n<meta property=\"og:title\" content=\"De Laubry Trading - Haras De Laubry - Showjumping Stable, Breeding and Trading\" \/>\n<meta property=\"og:description\" content=\"Vous recherchez un cheval ou un nouveau cavalier pour votre cheval ? Schakel JavaScript in je browser in om dit formulier in te vullen.Schakel JavaScript in je browser in om dit formulier in te vullen.Leeftijd paardNiveauYoungster 4 &#8211; 5 yoYoungster 6 &#8211; 7 yoAmateur &lt; 1.30mAmateur &lt; 1.40m1.40 &#8211; 1.50mProfessional &gt; 1.50mGeslacht *HengstRuinMerrieIk wilVerkopenKopenBudget indicator [&hellip;]\" \/>\n<meta property=\"og:url\" content=\"https:\/\/harasdelaubry.be\/de-laubry-trading\/\" \/>\n<meta property=\"og:site_name\" content=\"Haras De Laubry - Showjumping Stable, Breeding and Trading\" \/>\n<meta property=\"article:modified_time\" content=\"2025-08-08T15:47:56+00:00\" \/>\n<meta property=\"og:image\" content=\"https:\/\/harasdelaubry.be\/wp-content\/plugins\/wpforms\/assets\/images\/submit-spin.svg\" \/>\n<meta name=\"twitter:card\" content=\"summary_large_image\" \/>\n<meta name=\"twitter:label1\" content=\"Dur\u00e9e de lecture estim\u00e9e\" \/>\n\t<meta name=\"twitter:data1\" content=\"2 minutes\" \/>\n<script type=\"application\/ld+json\" class=\"yoast-schema-graph\">{\"@context\":\"https:\/\/schema.org\",\"@graph\":[{\"@type\":\"WebPage\",\"@id\":\"https:\/\/harasdelaubry.be\/de-laubry-trading\/\",\"url\":\"https:\/\/harasdelaubry.be\/de-laubry-trading\/\",\"name\":\"De Laubry Trading - Haras De Laubry - Showjumping Stable, Breeding and Trading\",\"isPartOf\":{\"@id\":\"https:\/\/harasdelaubry.be\/#website\"},\"primaryImageOfPage\":{\"@id\":\"https:\/\/harasdelaubry.be\/de-laubry-trading\/#primaryimage\"},\"image\":{\"@id\":\"https:\/\/harasdelaubry.be\/de-laubry-trading\/#primaryimage\"},\"thumbnailUrl\":\"https:\/\/harasdelaubry.be\/wp-content\/plugins\/wpforms\/assets\/images\/submit-spin.svg\",\"datePublished\":\"2024-03-05T16:04:02+00:00\",\"dateModified\":\"2025-08-08T15:47:56+00:00\",\"breadcrumb\":{\"@id\":\"https:\/\/harasdelaubry.be\/de-laubry-trading\/#breadcrumb\"},\"inLanguage\":\"fr-FR\",\"potentialAction\":[{\"@type\":\"ReadAction\",\"target\":[\"https:\/\/harasdelaubry.be\/de-laubry-trading\/\"]}]},{\"@type\":\"ImageObject\",\"inLanguage\":\"fr-FR\",\"@id\":\"https:\/\/harasdelaubry.be\/de-laubry-trading\/#primaryimage\",\"url\":\"https:\/\/harasdelaubry.be\/wp-content\/plugins\/wpforms\/assets\/images\/submit-spin.svg\",\"contentUrl\":\"https:\/\/harasdelaubry.be\/wp-content\/plugins\/wpforms\/assets\/images\/submit-spin.svg\"},{\"@type\":\"BreadcrumbList\",\"@id\":\"https:\/\/harasdelaubry.be\/de-laubry-trading\/#breadcrumb\",\"itemListElement\":[{\"@type\":\"ListItem\",\"position\":1,\"name\":\"Home\",\"item\":\"https:\/\/harasdelaubry.be\/\"},{\"@type\":\"ListItem\",\"position\":2,\"name\":\"De Laubry Trading\"}]},{\"@type\":\"WebSite\",\"@id\":\"https:\/\/harasdelaubry.be\/#website\",\"url\":\"https:\/\/harasdelaubry.be\/\",\"name\":\"Haras De Laubry - Showjumping Stable, Breeding and Trading\",\"description\":\"Sportstable &amp; Breeding\",\"potentialAction\":[{\"@type\":\"SearchAction\",\"target\":{\"@type\":\"EntryPoint\",\"urlTemplate\":\"https:\/\/harasdelaubry.be\/?s={search_term_string}\"},\"query-input\":{\"@type\":\"PropertyValueSpecification\",\"valueRequired\":true,\"valueName\":\"search_term_string\"}}],\"inLanguage\":\"fr-FR\"}]}<\/script>\n<!-- \/ Yoast SEO plugin. -->","yoast_head_json":{"title":"De Laubry Trading - Haras De Laubry - Showjumping Stable, Breeding and Trading","robots":{"index":"index","follow":"follow","max-snippet":"max-snippet:-1","max-image-preview":"max-image-preview:large","max-video-preview":"max-video-preview:-1"},"canonical":"https:\/\/harasdelaubry.be\/de-laubry-trading\/","og_locale":"fr_FR","og_type":"article","og_title":"De Laubry Trading - Haras De Laubry - Showjumping Stable, Breeding and Trading","og_description":"Vous recherchez un cheval ou un nouveau cavalier pour votre cheval ? Schakel JavaScript in je browser in om dit formulier in te vullen.Schakel JavaScript in je browser in om dit formulier in te vullen.Leeftijd paardNiveauYoungster 4 &#8211; 5 yoYoungster 6 &#8211; 7 yoAmateur &lt; 1.30mAmateur &lt; 1.40m1.40 &#8211; 1.50mProfessional &gt; 1.50mGeslacht *HengstRuinMerrieIk wilVerkopenKopenBudget indicator [&hellip;]","og_url":"https:\/\/harasdelaubry.be\/de-laubry-trading\/","og_site_name":"Haras De Laubry - Showjumping Stable, Breeding and Trading","article_modified_time":"2025-08-08T15:47:56+00:00","og_image":[{"url":"https:\/\/harasdelaubry.be\/wp-content\/plugins\/wpforms\/assets\/images\/submit-spin.svg","type":"","width":"","height":""}],"twitter_card":"summary_large_image","twitter_misc":{"Dur\u00e9e de lecture estim\u00e9e":"2 minutes"},"schema":{"@context":"https:\/\/schema.org","@graph":[{"@type":"WebPage","@id":"https:\/\/harasdelaubry.be\/de-laubry-trading\/","url":"https:\/\/harasdelaubry.be\/de-laubry-trading\/","name":"De Laubry Trading - Haras De Laubry - Showjumping Stable, Breeding and Trading","isPartOf":{"@id":"https:\/\/harasdelaubry.be\/#website"},"primaryImageOfPage":{"@id":"https:\/\/harasdelaubry.be\/de-laubry-trading\/#primaryimage"},"image":{"@id":"https:\/\/harasdelaubry.be\/de-laubry-trading\/#primaryimage"},"thumbnailUrl":"https:\/\/harasdelaubry.be\/wp-content\/plugins\/wpforms\/assets\/images\/submit-spin.svg","datePublished":"2024-03-05T16:04:02+00:00","dateModified":"2025-08-08T15:47:56+00:00","breadcrumb":{"@id":"https:\/\/harasdelaubry.be\/de-laubry-trading\/#breadcrumb"},"inLanguage":"fr-FR","potentialAction":[{"@type":"ReadAction","target":["https:\/\/harasdelaubry.be\/de-laubry-trading\/"]}]},{"@type":"ImageObject","inLanguage":"fr-FR","@id":"https:\/\/harasdelaubry.be\/de-laubry-trading\/#primaryimage","url":"https:\/\/harasdelaubry.be\/wp-content\/plugins\/wpforms\/assets\/images\/submit-spin.svg","contentUrl":"https:\/\/harasdelaubry.be\/wp-content\/plugins\/wpforms\/assets\/images\/submit-spin.svg"},{"@type":"BreadcrumbList","@id":"https:\/\/harasdelaubry.be\/de-laubry-trading\/#breadcrumb","itemListElement":[{"@type":"ListItem","position":1,"name":"Home","item":"https:\/\/harasdelaubry.be\/"},{"@type":"ListItem","position":2,"name":"De Laubry Trading"}]},{"@type":"WebSite","@id":"https:\/\/harasdelaubry.be\/#website","url":"https:\/\/harasdelaubry.be\/","name":"Haras De Laubry - Showjumping Stable, Breeding and Trading","description":"Sportstable &amp; Breeding","potentialAction":[{"@type":"SearchAction","target":{"@type":"EntryPoint","urlTemplate":"https:\/\/harasdelaubry.be\/?s={search_term_string}"},"query-input":{"@type":"PropertyValueSpecification","valueRequired":true,"valueName":"search_term_string"}}],"inLanguage":"fr-FR"}]}},"_links":{"self":[{"href":"https:\/\/harasdelaubry.be\/fr\/wp-json\/wp\/v2\/pages\/13386","targetHints":{"allow":["GET"]}}],"collection":[{"href":"https:\/\/harasdelaubry.be\/fr\/wp-json\/wp\/v2\/pages"}],"about":[{"href":"https:\/\/harasdelaubry.be\/fr\/wp-json\/wp\/v2\/types\/page"}],"author":[{"embeddable":true,"href":"https:\/\/harasdelaubry.be\/fr\/wp-json\/wp\/v2\/users\/2"}],"replies":[{"embeddable":true,"href":"https:\/\/harasdelaubry.be\/fr\/wp-json\/wp\/v2\/comments?post=13386"}],"version-history":[{"count":6,"href":"https:\/\/harasdelaubry.be\/fr\/wp-json\/wp\/v2\/pages\/13386\/revisions"}],"predecessor-version":[{"id":15028,"href":"https:\/\/harasdelaubry.be\/fr\/wp-json\/wp\/v2\/pages\/13386\/revisions\/15028"}],"wp:attachment":[{"href":"https:\/\/harasdelaubry.be\/fr\/wp-json\/wp\/v2\/media?parent=13386"}],"curies":[{"name":"wp","href":"https:\/\/api.w.org\/{rel}","templated":true}]}}